{"id":95,"date":"2017-10-17T14:06:18","date_gmt":"2017-10-17T12:06:18","guid":{"rendered":"http:\/\/boiat.pl\/index.php\/audytyekspertyzy-2\/"},"modified":"2018-05-17T12:23:36","modified_gmt":"2018-05-17T10:23:36","slug":"audytyekspertyzy-2","status":"publish","type":"page","link":"https:\/\/boiat.pl\/index.php\/audytyekspertyzy-2\/","title":{"rendered":"Audyty\/Ekspertyzy"},"content":{"rendered":"<p>[et_pb_section bb_built=&#8221;1&#8243; _builder_version=&#8221;3.0.82&#8243;][et_pb_row custom_padding=&#8221;0px|0px|0px|0px&#8221; _builder_version=&#8221;3.0.47&#8243; background_size=&#8221;initial&#8221; background_position=&#8221;top_left&#8221; background_repeat=&#8221;repeat&#8221;][et_pb_column type=&#8221;4_4&#8243;][et_pb_text _builder_version=&#8221;3.0.96&#8243; background_layout=&#8221;light&#8221;]<\/p>\n<h1 style=\"text-align: center;\">Audyty\/ ekspertyzy<\/h1>\n<p>[\/et_pb_text][\/et_pb_column][et_pb_column type=&#8221;4_4&#8243;][\/et_pb_column][\/et_pb_row][et_pb_row _builder_version=&#8221;3.0.82&#8243;][et_pb_column type=&#8221;1_2&#8243;][et_pb_text _builder_version=&#8221;3.0.82&#8243;]<\/p>\n<p style=\"text-align: justify;\">Us\u0142uga audytu oferowana przez firm\u0119 BOAT obejmuje wiele obszar\u00f3w, w tym bezpiecze\u0144stwo techniczne, bezpiecze\u0144stwo danych i informacji, system\u00f3w IT, obszar\u00f3w ksi\u0119gowych oraz zasob\u00f3w ludzkich.<\/p>\n<p style=\"text-align: justify;\">Prowadzone przez nas audyty bazuj\u0105 na analizie zagro\u017ce\u0144 obszar\u00f3w wra\u017cliwych \u00a0 \u00a0 \u00a0i krytycznych, w szczeg\u00f3lno\u015bci obejmuj\u0105:<\/p>\n<ul style=\"text-align: justify;\">\n<li>stopie\u0144 \u015bwiadomo\u015bci pracownik\u00f3w w zakresie potrzeby ochrony informacji \u00a0 \u00a0 \u00a0 \u00a0 \u00a0i zagro\u017ce\u0144 zwi\u0105zanych z ich przetwarzaniem,<\/li>\n<li>zakres dost\u0119pu pracownik\u00f3w do przetwarzanych informacji,<\/li>\n<li>zasady udost\u0119pniania informacji podmiotom zewn\u0119trznym,<\/li>\n<li>poprawno\u015b\u0107 klasyfikacji tworzonych dokument\u00f3w,<\/li>\n<li>rozliczanie dzia\u0142a\u0144 pracownik\u00f3w zwi\u0105zanych z przetwarzaniem informacji,<\/li>\n<li>zasady przechowywania dokument\u00f3w i zabezpieczenia informacji przed utrat\u0105 lub zniszczeniem,<\/li>\n<li>zasady post\u0119powania w przypadku naruszenia bezpiecze\u0144stwa informacji.<\/li>\n<\/ul>\n<p style=\"text-align: justify;\">Zakres audytu oraz jego szczeg\u00f3\u0142owo\u015b\u0107 jest ka\u017cdorazowo okre\u015blana wsp\u00f3lnie<br \/>\nz Klientem\u00a0<span style=\"font-size: 14px;\">i dostosowywana do jego indywidualnych potrzeb.<\/span><\/p>\n<p>[\/et_pb_text][\/et_pb_column][et_pb_column type=&#8221;1_2&#8243;][et_pb_image src=&#8221;http:\/\/boiat.pl\/wp-content\/uploads\/2017\/10\/G\u0141\u00d3WNA-3.jpg&#8221; align=&#8221;center&#8221; _builder_version=&#8221;3.0.82&#8243; border_style=&#8221;solid&#8221;]<\/p>\n<p>&nbsp;<\/p>\n<p>[\/et_pb_image][\/et_pb_column][\/et_pb_row][\/et_pb_section][et_pb_section bb_built=&#8221;1&#8243; fullwidth=&#8221;on&#8221; _builder_version=&#8221;3.0.82&#8243;][et_pb_fullwidth_header _builder_version=&#8221;3.0.82&#8243; background_image=&#8221;http:\/\/boiat.pl\/wp-content\/uploads\/2017\/10\/baner_1.jpg&#8221; parallax=&#8221;on&#8221; custom_css_before=&#8221;height:250px;&#8221; custom_css_main_element=&#8221;height:250px;&#8221; custom_css_after=&#8221;height:250px;&#8221;]<\/p>\n<p>&nbsp;<\/p>\n<p>[\/et_pb_fullwidth_header][\/et_pb_section]<\/p>\n","protected":false},"excerpt":{"rendered":"<p>[et_pb_section bb_built=&#8221;1&#8243; _builder_version=&#8221;3.0.82&#8243;][et_pb_row custom_padding=&#8221;0px|0px|0px|0px&#8221; _builder_version=&#8221;3.0.47&#8243; background_size=&#8221;initial&#8221; background_position=&#8221;top_left&#8221; background_repeat=&#8221;repeat&#8221;][et_pb_column type=&#8221;4_4&#8243;][et_pb_text _builder_version=&#8221;3.0.96&#8243; background_layout=&#8221;light&#8221;] Audyty\/ ekspertyzy [\/et_pb_text][\/et_pb_column][et_pb_column type=&#8221;4_4&#8243;][\/et_pb_column][\/et_pb_row][et_pb_row _builder_version=&#8221;3.0.82&#8243;][et_pb_column type=&#8221;1_2&#8243;][et_pb_text _builder_version=&#8221;3.0.82&#8243;] Us\u0142uga audytu oferowana przez firm\u0119 BOAT obejmuje wiele obszar\u00f3w, w tym bezpiecze\u0144stwo techniczne, bezpiecze\u0144stwo danych i informacji, system\u00f3w IT, obszar\u00f3w ksi\u0119gowych oraz zasob\u00f3w ludzkich. Prowadzone przez nas audyty bazuj\u0105 na analizie zagro\u017ce\u0144 obszar\u00f3w wra\u017cliwych \u00a0 \u00a0 \u00a0i [&hellip;]<\/p>\n","protected":false},"author":1,"featured_media":0,"parent":0,"menu_order":0,"comment_status":"closed","ping_status":"closed","template":"","meta":{"_et_pb_use_builder":"on","_et_pb_old_content":"","_et_gb_content_width":""},"_links":{"self":[{"href":"https:\/\/boiat.pl\/index.php\/wp-json\/wp\/v2\/pages\/95"}],"collection":[{"href":"https:\/\/boiat.pl\/index.php\/wp-json\/wp\/v2\/pages"}],"about":[{"href":"https:\/\/boiat.pl\/index.php\/wp-json\/wp\/v2\/types\/page"}],"author":[{"embeddable":true,"href":"https:\/\/boiat.pl\/index.php\/wp-json\/wp\/v2\/users\/1"}],"replies":[{"embeddable":true,"href":"https:\/\/boiat.pl\/index.php\/wp-json\/wp\/v2\/comments?post=95"}],"version-history":[{"count":19,"href":"https:\/\/boiat.pl\/index.php\/wp-json\/wp\/v2\/pages\/95\/revisions"}],"predecessor-version":[{"id":46984,"href":"https:\/\/boiat.pl\/index.php\/wp-json\/wp\/v2\/pages\/95\/revisions\/46984"}],"wp:attachment":[{"href":"https:\/\/boiat.pl\/index.php\/wp-json\/wp\/v2\/media?parent=95"}],"curies":[{"name":"wp","href":"https:\/\/api.w.org\/{rel}","templated":true}]}}