{"id":94,"date":"2017-10-17T14:06:18","date_gmt":"2017-10-17T12:06:18","guid":{"rendered":"http:\/\/boiat.pl\/index.php\/przeciwdzialanie-szpiegostwu-przemyslowemu-2\/"},"modified":"2018-05-17T12:32:49","modified_gmt":"2018-05-17T10:32:49","slug":"przeciwdzialanie-szpiegostwu-przemyslowemu-2","status":"publish","type":"page","link":"https:\/\/boiat.pl\/index.php\/przeciwdzialanie-szpiegostwu-przemyslowemu-2\/","title":{"rendered":"Przeciwdzia\u0142anie szpiegostwu przemys\u0142owemu"},"content":{"rendered":"<p>[et_pb_section bb_built=&#8221;1&#8243; _builder_version=&#8221;3.0.82&#8243;][et_pb_row custom_padding=&#8221;0px|0px|0px|0px&#8221; _builder_version=&#8221;3.0.47&#8243; background_size=&#8221;initial&#8221; background_position=&#8221;top_left&#8221; background_repeat=&#8221;repeat&#8221;][et_pb_column type=&#8221;4_4&#8243;][et_pb_text _builder_version=&#8221;3.0.96&#8243; background_layout=&#8221;light&#8221;]<\/p>\n<h1 style=\"text-align: center;\">Przeciwdzia\u0142anie szpiegostwu przemys\u0142owemu<\/h1>\n<p>[\/et_pb_text][\/et_pb_column][et_pb_column type=&#8221;4_4&#8243;][\/et_pb_column][\/et_pb_row][et_pb_row _builder_version=&#8221;3.0.82&#8243;][et_pb_column type=&#8221;1_2&#8243;][et_pb_text _builder_version=&#8221;3.0.82&#8243;]<\/p>\n<p style=\"text-align: justify;\">Wywiad gospodarczy i szpiegostwo przemys\u0142owe to codzienno\u015b\u0107 wsp\u00f3\u0142czesnego biznesu.<\/p>\n<p style=\"text-align: justify;\">Szpiegostwo przemys\u0142owe jest zagro\u017ceniem dla wszelkiej dzia\u0142alno\u015bci gospodarczej, kt\u00f3rej egzystencja i powodzenie zale\u017cy od informacji. Obiektem dzia\u0142a\u0144 zakresu szpiegostwa przemys\u0142owego mo\u017ce by\u0107 nie tylko ch\u0119\u0107 pozyskania bezpo\u015bredniej informacji, ale r\u00f3wnie\u017c wprowadzenie informacji wp\u0142ywaj\u0105cych na dezorganizacj\u0119 pracy wewn\u0105trz firmy. Cz\u0119sto takie dzia\u0142ania mog\u0105 by\u0107 rozszerzone o korupcj\u0119 personelu, szanta\u017c lub nawet porwania cz\u0142onk\u00f3w rodziny.<\/p>\n<p style=\"text-align: justify;\">Jednym z podstawowych sposob\u00f3w przeciwdzia\u0142ania szpiegostwu przemys\u0142owemu jest ochrona wa\u017cnych spotka\u0144 przed dost\u0119pem os\u00f3b nieuprawnionych, jak r\u00f3wnie\u017c weryfikacja os\u00f3b uczestnicz\u0105cych w spotkaniu.<\/p>\n<p style=\"text-align: justify;\">W ramach ochrony spotka\u0144 firma BOAT zapewnia us\u0142ug\u0119 sprawdzenia pomieszczenia na obecno\u015b\u0107 urz\u0105dze\u0144 s\u0142u\u017c\u0105cych do nielegalnego uzyskania informacji, m.in.:<\/p>\n<ul style=\"text-align: justify;\">\n<li>pods\u0142uchu radiowego,<\/li>\n<li>pods\u0142uch\u00f3w laserowych i w podczerwieni,<\/li>\n<li>pods\u0142uch\u00f3w po sieciach energetycznych, niskonapi\u0119ciowych, sieci telefonicznej i TV,<\/li>\n<li>pods\u0142uch\u00f3w stetoskopowych,<\/li>\n<li>urz\u0105dze\u0144 rejestruj\u0105cych,<\/li>\n<li>ukrytych \u2013 przewodowych i bezprzewodowych \u2013 kamer,<\/li>\n<li>keylogger\u00f3w komputerowych, lokalizator\u00f3w GPS i GMS<\/li>\n<li>zabezpieczenie spotka\u0144 przy u\u017cyciu stosownych urz\u0105dze\u0144.<\/li>\n<\/ul>\n<p>[\/et_pb_text][\/et_pb_column][et_pb_column type=&#8221;1_2&#8243;][et_pb_image src=&#8221;http:\/\/boiat.pl\/wp-content\/uploads\/2017\/10\/Przeciwdzia\u0142anie-szpiegostwu-1.jpg&#8221; align=&#8221;center&#8221; _builder_version=&#8221;3.0.82&#8243;]<br \/>\n[\/et_pb_image][\/et_pb_column][\/et_pb_row][\/et_pb_section][et_pb_section bb_built=&#8221;1&#8243; fullwidth=&#8221;on&#8221; _builder_version=&#8221;3.0.82&#8243;][et_pb_fullwidth_header _builder_version=&#8221;3.0.82&#8243; background_image=&#8221;http:\/\/boiat.pl\/wp-content\/uploads\/2017\/10\/baner_1.jpg&#8221; parallax=&#8221;on&#8221; custom_css_before=&#8221;height:250px;&#8221; custom_css_main_element=&#8221;height:250px;&#8221; custom_css_after=&#8221;height:250px;&#8221;]<br \/>\n[\/et_pb_fullwidth_header][\/et_pb_section]<\/p>\n","protected":false},"excerpt":{"rendered":"<p>[et_pb_section bb_built=&#8221;1&#8243; _builder_version=&#8221;3.0.82&#8243;][et_pb_row custom_padding=&#8221;0px|0px|0px|0px&#8221; _builder_version=&#8221;3.0.47&#8243; background_size=&#8221;initial&#8221; background_position=&#8221;top_left&#8221; background_repeat=&#8221;repeat&#8221;][et_pb_column type=&#8221;4_4&#8243;][et_pb_text _builder_version=&#8221;3.0.96&#8243; background_layout=&#8221;light&#8221;] Przeciwdzia\u0142anie szpiegostwu przemys\u0142owemu [\/et_pb_text][\/et_pb_column][et_pb_column type=&#8221;4_4&#8243;][\/et_pb_column][\/et_pb_row][et_pb_row _builder_version=&#8221;3.0.82&#8243;][et_pb_column type=&#8221;1_2&#8243;][et_pb_text _builder_version=&#8221;3.0.82&#8243;] Wywiad gospodarczy i szpiegostwo przemys\u0142owe to codzienno\u015b\u0107 wsp\u00f3\u0142czesnego biznesu. Szpiegostwo przemys\u0142owe jest zagro\u017ceniem dla wszelkiej dzia\u0142alno\u015bci gospodarczej, kt\u00f3rej egzystencja i powodzenie zale\u017cy od informacji. Obiektem dzia\u0142a\u0144 zakresu szpiegostwa przemys\u0142owego mo\u017ce by\u0107 nie tylko ch\u0119\u0107 pozyskania bezpo\u015bredniej [&hellip;]<\/p>\n","protected":false},"author":1,"featured_media":0,"parent":0,"menu_order":0,"comment_status":"closed","ping_status":"closed","template":"","meta":{"_et_pb_use_builder":"on","_et_pb_old_content":"","_et_gb_content_width":""},"_links":{"self":[{"href":"https:\/\/boiat.pl\/index.php\/wp-json\/wp\/v2\/pages\/94"}],"collection":[{"href":"https:\/\/boiat.pl\/index.php\/wp-json\/wp\/v2\/pages"}],"about":[{"href":"https:\/\/boiat.pl\/index.php\/wp-json\/wp\/v2\/types\/page"}],"author":[{"embeddable":true,"href":"https:\/\/boiat.pl\/index.php\/wp-json\/wp\/v2\/users\/1"}],"replies":[{"embeddable":true,"href":"https:\/\/boiat.pl\/index.php\/wp-json\/wp\/v2\/comments?post=94"}],"version-history":[{"count":12,"href":"https:\/\/boiat.pl\/index.php\/wp-json\/wp\/v2\/pages\/94\/revisions"}],"predecessor-version":[{"id":46990,"href":"https:\/\/boiat.pl\/index.php\/wp-json\/wp\/v2\/pages\/94\/revisions\/46990"}],"wp:attachment":[{"href":"https:\/\/boiat.pl\/index.php\/wp-json\/wp\/v2\/media?parent=94"}],"curies":[{"name":"wp","href":"https:\/\/api.w.org\/{rel}","templated":true}]}}