{"id":89,"date":"2017-10-17T14:06:18","date_gmt":"2017-10-17T12:06:18","guid":{"rendered":"http:\/\/boiat.pl\/index.php\/kontrahenci\/"},"modified":"2018-05-17T11:28:59","modified_gmt":"2018-05-17T09:28:59","slug":"kontrahenci","status":"publish","type":"page","link":"https:\/\/boiat.pl\/index.php\/kontrahenci\/","title":{"rendered":"Kontrahenci"},"content":{"rendered":"<p>[et_pb_section bb_built=&#8221;1&#8243; _builder_version=&#8221;3.0.82&#8243;][et_pb_row custom_padding=&#8221;0px|0px|0px|0px&#8221; _builder_version=&#8221;3.0.47&#8243; background_size=&#8221;initial&#8221; background_position=&#8221;top_left&#8221; background_repeat=&#8221;repeat&#8221;][et_pb_column type=&#8221;4_4&#8243;][et_pb_text _builder_version=&#8221;3.0.47&#8243; background_size=&#8221;initial&#8221; background_position=&#8221;top_left&#8221; background_repeat=&#8221;repeat&#8221;]<br \/>\n[\/et_pb_text][et_pb_text _builder_version=&#8221;3.0.82&#8243; header_font=&#8221;|||on|&#8221;]<\/p>\n<h1 style=\"text-align: center;\">Kontrahenci<\/h1>\n<p>[\/et_pb_text][\/et_pb_column][et_pb_column type=&#8221;4_4&#8243;][\/et_pb_column][\/et_pb_row][et_pb_row _builder_version=&#8221;3.0.82&#8243;][et_pb_column type=&#8221;1_3&#8243;][et_pb_blurb title=&#8221;AGRO-MAN&#8221; use_icon=&#8221;on&#8221; font_icon=&#8221;%%202%%&#8221; icon_color=&#8221;#e02b20&#8243; icon_placement=&#8221;left&#8221; _builder_version=&#8221;3.0.82&#8243; header_font=&#8221;|on|||&#8221; header_font_size=&#8221;22px&#8221; text_orientation=&#8221;center&#8221;]<br \/>\n[\/et_pb_blurb][\/et_pb_column][et_pb_column type=&#8221;1_3&#8243;][et_pb_blurb title=&#8221;Kappa&#8221; use_icon=&#8221;on&#8221; font_icon=&#8221;%%202%%&#8221; icon_color=&#8221;#e02b20&#8243; icon_placement=&#8221;left&#8221; _builder_version=&#8221;3.0.82&#8243; header_font=&#8221;|on|||&#8221; header_font_size=&#8221;22px&#8221; text_orientation=&#8221;center&#8221;]<br \/>\n[\/et_pb_blurb][\/et_pb_column][et_pb_column type=&#8221;1_3&#8243;][et_pb_blurb title=&#8221;Zarz\u0105d Mienia Miasta Warszawy&#8221; use_icon=&#8221;on&#8221; font_icon=&#8221;%%202%%&#8221; icon_color=&#8221;#e02b20&#8243; icon_placement=&#8221;left&#8221; _builder_version=&#8221;3.0.82&#8243; header_font=&#8221;|on|||&#8221; header_font_size=&#8221;22px&#8221; text_orientation=&#8221;center&#8221;]<br \/>\n[\/et_pb_blurb][\/et_pb_column][\/et_pb_row][et_pb_row _builder_version=&#8221;3.0.82&#8243;][et_pb_column type=&#8221;1_3&#8243;][et_pb_blurb title=&#8221;Przedsi\u0119biorstwo Remont\u00f3w i Budownictwa Og\u00f3lnego Sp. z o. o.&#8221; use_icon=&#8221;on&#8221; font_icon=&#8221;%%202%%&#8221; icon_color=&#8221;#e02b20&#8243; icon_placement=&#8221;left&#8221; _builder_version=&#8221;3.0.82&#8243; header_font=&#8221;|on|||&#8221; header_font_size=&#8221;22px&#8221; text_orientation=&#8221;center&#8221;]<br \/>\n[\/et_pb_blurb][\/et_pb_column][et_pb_column type=&#8221;1_3&#8243;][et_pb_blurb title=&#8221;Zak\u0142ady Wytw\u00f3rcze Mebli Artystycznych Sp\u00f3\u0142ka z o. o.&#8221; use_icon=&#8221;on&#8221; font_icon=&#8221;%%202%%&#8221; icon_color=&#8221;#e02b20&#8243; icon_placement=&#8221;left&#8221; _builder_version=&#8221;3.0.82&#8243; header_font=&#8221;|on|||&#8221; header_font_size=&#8221;22px&#8221; text_orientation=&#8221;center&#8221;]<br \/>\n[\/et_pb_blurb][\/et_pb_column][et_pb_column type=&#8221;1_3&#8243;][et_pb_blurb title=&#8221;Eco-Classic Sp\u00f3\u0142ka z o. o.&#8221; use_icon=&#8221;on&#8221; font_icon=&#8221;%%202%%&#8221; icon_color=&#8221;#e02b20&#8243; icon_placement=&#8221;left&#8221; _builder_version=&#8221;3.0.82&#8243; header_font=&#8221;|on|||&#8221; header_font_size=&#8221;22px&#8221; text_orientation=&#8221;center&#8221;]<br \/>\n[\/et_pb_blurb][\/et_pb_column][\/et_pb_row][et_pb_row _builder_version=&#8221;3.0.82&#8243;][et_pb_column type=&#8221;1_3&#8243;][et_pb_blurb title=&#8221;Schronisko %22Na Paluchu%22&#8243; use_icon=&#8221;on&#8221; font_icon=&#8221;%%202%%&#8221; icon_color=&#8221;#e02b20&#8243; icon_placement=&#8221;left&#8221; _builder_version=&#8221;3.0.82&#8243; header_font=&#8221;|on|||&#8221; header_font_size=&#8221;22px&#8221; text_orientation=&#8221;center&#8221;]<br \/>\n[\/et_pb_blurb][\/et_pb_column][et_pb_column type=&#8221;1_3&#8243;][et_pb_blurb title=&#8221;Pa\u0144stwowy Instytut Spraw Mi\u0119dzynarodowych&#8221; use_icon=&#8221;on&#8221; font_icon=&#8221;%%202%%&#8221; icon_color=&#8221;#e02b20&#8243; icon_placement=&#8221;left&#8221; _builder_version=&#8221;3.0.82&#8243; header_font=&#8221;|on|||&#8221; header_font_size=&#8221;22px&#8221; text_orientation=&#8221;center&#8221;]<br \/>\n[\/et_pb_blurb][\/et_pb_column][et_pb_column type=&#8221;1_3&#8243;][et_pb_blurb title=&#8221;Narodowy Instytut Muzealnictwa i Ochrony Zbior\u00f3w&#8221; use_icon=&#8221;on&#8221; font_icon=&#8221;%%202%%&#8221; icon_color=&#8221;#e02b20&#8243; icon_placement=&#8221;left&#8221; _builder_version=&#8221;3.0.82&#8243; header_font=&#8221;|on|||&#8221; header_font_size=&#8221;22px&#8221; text_orientation=&#8221;center&#8221;]<br \/>\n[\/et_pb_blurb][\/et_pb_column][\/et_pb_row][et_pb_row _builder_version=&#8221;3.0.82&#8243;][et_pb_column type=&#8221;1_3&#8243;][et_pb_blurb title=&#8221;Hydrobudowa &#8211; 1 S.A.&#8221; use_icon=&#8221;on&#8221; font_icon=&#8221;%%202%%&#8221; icon_color=&#8221;#e02b20&#8243; icon_placement=&#8221;left&#8221; _builder_version=&#8221;3.0.82&#8243; header_font=&#8221;|on|||&#8221; header_font_size=&#8221;22px&#8221; text_orientation=&#8221;center&#8221;]<br \/>\n[\/et_pb_blurb][\/et_pb_column][et_pb_column type=&#8221;1_3&#8243;][et_pb_blurb title=&#8221;Budimex Pozna\u0144 S.A.&#8221; use_icon=&#8221;on&#8221; font_icon=&#8221;%%202%%&#8221; icon_color=&#8221;#e02b20&#8243; icon_placement=&#8221;left&#8221; _builder_version=&#8221;3.0.82&#8243; header_font=&#8221;|on|||&#8221; header_font_size=&#8221;22px&#8221; text_orientation=&#8221;center&#8221;]<br \/>\n[\/et_pb_blurb][\/et_pb_column][et_pb_column type=&#8221;1_3&#8243;][et_pb_blurb title=&#8221;GP Mosty S.C.&#8221; use_icon=&#8221;on&#8221; font_icon=&#8221;%%202%%&#8221; icon_color=&#8221;#e02b20&#8243; icon_placement=&#8221;left&#8221; _builder_version=&#8221;3.0.82&#8243; header_font=&#8221;|on|||&#8221; header_font_size=&#8221;22px&#8221; text_orientation=&#8221;center&#8221;]<br \/>\n[\/et_pb_blurb][\/et_pb_column][\/et_pb_row][et_pb_row _builder_version=&#8221;3.0.82&#8243;][et_pb_column type=&#8221;1_3&#8243;][et_pb_blurb title=&#8221;Stowarzyszenie W\u0142a\u015bcicieli Dom\u00f3w %22VIKING I%22&#8243; use_icon=&#8221;on&#8221; font_icon=&#8221;%%202%%&#8221; icon_color=&#8221;#e02b20&#8243; icon_placement=&#8221;left&#8221; _builder_version=&#8221;3.0.82&#8243; header_font=&#8221;|on|||&#8221; header_font_size=&#8221;22px&#8221; text_orientation=&#8221;center&#8221;]<br \/>\n[\/et_pb_blurb][\/et_pb_column][et_pb_column type=&#8221;1_3&#8243;][et_pb_blurb title=&#8221;Sp\u00f3\u0142dzielnia Budowlano-Mieszkaniowa %22RADAROWA%22&#8243; use_icon=&#8221;on&#8221; font_icon=&#8221;%%202%%&#8221; icon_color=&#8221;#e02b20&#8243; icon_placement=&#8221;left&#8221; _builder_version=&#8221;3.0.82&#8243; header_font=&#8221;|on|||&#8221; header_font_size=&#8221;22px&#8221; text_orientation=&#8221;center&#8221;]<br \/>\n[\/et_pb_blurb][\/et_pb_column][et_pb_column type=&#8221;1_3&#8243;][et_pb_blurb title=&#8221;Wsp\u00f3lnoty mieszkaniowe %22Lewand\u00f3w Ma\u0142y%22 %22Lewand\u00f3w Du\u017cy%22 %22Lewand\u00f3w Le\u015bny%22&#8243; use_icon=&#8221;on&#8221; font_icon=&#8221;%%202%%&#8221; icon_color=&#8221;#e02b20&#8243; icon_placement=&#8221;left&#8221; _builder_version=&#8221;3.0.82&#8243; header_font=&#8221;|on|||&#8221; header_font_size=&#8221;22px&#8221; text_orientation=&#8221;center&#8221;]<br \/>\n[\/et_pb_blurb][\/et_pb_column][\/et_pb_row][et_pb_row _builder_version=&#8221;3.0.82&#8243;][et_pb_column type=&#8221;1_3&#8243;][et_pb_blurb title=&#8221;Real Estate Investment Trust&#8221; use_icon=&#8221;on&#8221; font_icon=&#8221;%%202%%&#8221; icon_color=&#8221;#e02b20&#8243; icon_placement=&#8221;left&#8221; _builder_version=&#8221;3.0.82&#8243; header_font=&#8221;|on|||&#8221; header_font_size=&#8221;22px&#8221; text_orientation=&#8221;center&#8221;]<br \/>\n[\/et_pb_blurb][\/et_pb_column][et_pb_column type=&#8221;1_3&#8243;][et_pb_blurb title=&#8221;Dendro Poland Ltd. (IKEA)&#8221; use_icon=&#8221;on&#8221; font_icon=&#8221;%%202%%&#8221; icon_color=&#8221;#e02b20&#8243; icon_placement=&#8221;left&#8221; _builder_version=&#8221;3.0.82&#8243; header_font=&#8221;|on|||&#8221; header_font_size=&#8221;22px&#8221; text_orientation=&#8221;center&#8221;]<br \/>\n[\/et_pb_blurb][\/et_pb_column][et_pb_column type=&#8221;1_3&#8243;][et_pb_blurb title=&#8221;Tajfun Bronisze&#8221; use_icon=&#8221;on&#8221; font_icon=&#8221;%%202%%&#8221; icon_color=&#8221;#e02b20&#8243; icon_placement=&#8221;left&#8221; _builder_version=&#8221;3.0.82&#8243; header_font=&#8221;|on|||&#8221; header_font_size=&#8221;22px&#8221; text_orientation=&#8221;center&#8221;]<br \/>\n[\/et_pb_blurb][\/et_pb_column][\/et_pb_row][et_pb_row _builder_version=&#8221;3.0.82&#8243;][et_pb_column type=&#8221;1_3&#8243;][et_pb_blurb title=&#8221;WTBS %22Kwatera%22&#8243; use_icon=&#8221;on&#8221; font_icon=&#8221;%%202%%&#8221; icon_color=&#8221;#e02b20&#8243; icon_placement=&#8221;left&#8221; _builder_version=&#8221;3.0.82&#8243; header_font=&#8221;|on|||&#8221; header_font_size=&#8221;22px&#8221; text_orientation=&#8221;center&#8221;]<br \/>\n[\/et_pb_blurb][\/et_pb_column][et_pb_column type=&#8221;1_3&#8243;][et_pb_blurb title=&#8221;MEGAGAZ S.A.&#8221; use_icon=&#8221;on&#8221; font_icon=&#8221;%%202%%&#8221; icon_color=&#8221;#e02b20&#8243; icon_placement=&#8221;left&#8221; _builder_version=&#8221;3.0.82&#8243; header_font=&#8221;|on|||&#8221; header_font_size=&#8221;22px&#8221; text_orientation=&#8221;center&#8221;]<br \/>\n[\/et_pb_blurb][\/et_pb_column][et_pb_column type=&#8221;1_3&#8243;][et_pb_blurb title=&#8221;PONZBUD Sp. z. o. o.&#8221; use_icon=&#8221;on&#8221; font_icon=&#8221;%%202%%&#8221; icon_color=&#8221;#e02b20&#8243; icon_placement=&#8221;left&#8221; _builder_version=&#8221;3.0.82&#8243; header_font=&#8221;|on|||&#8221; header_font_size=&#8221;22px&#8221; text_orientation=&#8221;center&#8221;]<br \/>\n[\/et_pb_blurb][\/et_pb_column][\/et_pb_row][et_pb_row _builder_version=&#8221;3.0.82&#8243;][et_pb_column type=&#8221;1_3&#8243;][et_pb_blurb title=&#8221;Wsp\u00f3lnota Mieszkaniowa %22S\u0142oneczne Skorosze%22&#8243; use_icon=&#8221;on&#8221; font_icon=&#8221;%%202%%&#8221; icon_color=&#8221;#e02b20&#8243; icon_placement=&#8221;left&#8221; _builder_version=&#8221;3.0.82&#8243; header_font=&#8221;|on|||&#8221; header_font_size=&#8221;22px&#8221; text_orientation=&#8221;center&#8221;]<br \/>\n[\/et_pb_blurb][\/et_pb_column][et_pb_column type=&#8221;1_3&#8243;][et_pb_blurb title=&#8221;Wsp\u00f3lnota Mieszkaniowa %22Wilan\u00f3w One%22&#8243; use_icon=&#8221;on&#8221; font_icon=&#8221;%%202%%&#8221; icon_color=&#8221;#e02b20&#8243; icon_placement=&#8221;left&#8221; _builder_version=&#8221;3.0.82&#8243; header_font=&#8221;|on|||&#8221; header_font_size=&#8221;22px&#8221; text_orientation=&#8221;center&#8221;]<br \/>\n[\/et_pb_blurb][\/et_pb_column][et_pb_column type=&#8221;1_3&#8243;][\/et_pb_column][\/et_pb_row][\/et_pb_section][et_pb_section bb_built=&#8221;1&#8243; fullwidth=&#8221;on&#8221; _builder_version=&#8221;3.0.82&#8243;][et_pb_fullwidth_header _builder_version=&#8221;3.0.82&#8243; background_image=&#8221;http:\/\/boiat.pl\/wp-content\/uploads\/2017\/10\/baner_1.jpg&#8221; parallax=&#8221;on&#8221; custom_css_before=&#8221;height:250px;&#8221; custom_css_main_element=&#8221;height:250px;&#8221; custom_css_after=&#8221;height:250px;&#8221;]<br \/>\n[\/et_pb_fullwidth_header][\/et_pb_section]<\/p>\n","protected":false},"excerpt":{"rendered":"<p>[et_pb_section bb_built=&#8221;1&#8243; _builder_version=&#8221;3.0.82&#8243;][et_pb_row custom_padding=&#8221;0px|0px|0px|0px&#8221; _builder_version=&#8221;3.0.47&#8243; background_size=&#8221;initial&#8221; background_position=&#8221;top_left&#8221; background_repeat=&#8221;repeat&#8221;][et_pb_column type=&#8221;4_4&#8243;][et_pb_text _builder_version=&#8221;3.0.47&#8243; background_size=&#8221;initial&#8221; background_position=&#8221;top_left&#8221; background_repeat=&#8221;repeat&#8221;] [\/et_pb_text][et_pb_text _builder_version=&#8221;3.0.82&#8243; header_font=&#8221;|||on|&#8221;] Kontrahenci [\/et_pb_text][\/et_pb_column][et_pb_column type=&#8221;4_4&#8243;][\/et_pb_column][\/et_pb_row][et_pb_row _builder_version=&#8221;3.0.82&#8243;][et_pb_column type=&#8221;1_3&#8243;][et_pb_blurb title=&#8221;AGRO-MAN&#8221; use_icon=&#8221;on&#8221; font_icon=&#8221;%%202%%&#8221; icon_color=&#8221;#e02b20&#8243; icon_placement=&#8221;left&#8221; _builder_version=&#8221;3.0.82&#8243; header_font=&#8221;|on|||&#8221; header_font_size=&#8221;22px&#8221; text_orientation=&#8221;center&#8221;] [\/et_pb_blurb][\/et_pb_column][et_pb_column type=&#8221;1_3&#8243;][et_pb_blurb title=&#8221;Kappa&#8221; use_icon=&#8221;on&#8221; font_icon=&#8221;%%202%%&#8221; icon_color=&#8221;#e02b20&#8243; icon_placement=&#8221;left&#8221; _builder_version=&#8221;3.0.82&#8243; header_font=&#8221;|on|||&#8221; header_font_size=&#8221;22px&#8221; text_orientation=&#8221;center&#8221;] [\/et_pb_blurb][\/et_pb_column][et_pb_column type=&#8221;1_3&#8243;][et_pb_blurb title=&#8221;Zarz\u0105d Mienia Miasta Warszawy&#8221; use_icon=&#8221;on&#8221; font_icon=&#8221;%%202%%&#8221; icon_color=&#8221;#e02b20&#8243; icon_placement=&#8221;left&#8221; _builder_version=&#8221;3.0.82&#8243; header_font=&#8221;|on|||&#8221; header_font_size=&#8221;22px&#8221; text_orientation=&#8221;center&#8221;] [&hellip;]<\/p>\n","protected":false},"author":1,"featured_media":0,"parent":0,"menu_order":0,"comment_status":"closed","ping_status":"closed","template":"","meta":{"_et_pb_use_builder":"on","_et_pb_old_content":"<p>[et_pb_section bb_built=\"1\" _builder_version=\"3.0.82\"][et_pb_row custom_padding=\"0px|0px|0px|0px\" _builder_version=\"3.0.47\" background_size=\"initial\" background_position=\"top_left\" background_repeat=\"repeat\"][et_pb_column type=\"4_4\"][et_pb_text _builder_version=\"3.0.47\" background_size=\"initial\" background_position=\"top_left\" background_repeat=\"repeat\"] <br \/> [\/et_pb_text][et_pb_text _builder_version=\"3.0.82\" header_font=\"|||on|\"]<\/p><h1 style=\"text-align: center;\">Kontrahenci<\/h1><p>[\/et_pb_text][\/et_pb_column][et_pb_column type=\"4_4\"][\/et_pb_column][\/et_pb_row][et_pb_row _builder_version=\"3.0.82\"][et_pb_column type=\"1_3\"][et_pb_blurb title=\"AGRO-MAN\" use_icon=\"on\" font_icon=\"%%202%%\" icon_color=\"#e02b20\" icon_placement=\"left\" _builder_version=\"3.0.82\" header_font=\"|on|||\" header_font_size=\"22px\" text_orientation=\"center\"] <br \/> [\/et_pb_blurb][\/et_pb_column][et_pb_column type=\"1_3\"][et_pb_blurb title=\"Kappa\" use_icon=\"on\" font_icon=\"%%202%%\" icon_color=\"#e02b20\" icon_placement=\"left\" _builder_version=\"3.0.82\" header_font=\"|on|||\" header_font_size=\"22px\" text_orientation=\"center\"] <br \/> [\/et_pb_blurb][\/et_pb_column][et_pb_column type=\"1_3\"][et_pb_blurb title=\"Zarz\u0105d Mienia Miasta Warszawy\" use_icon=\"on\" font_icon=\"%%202%%\" icon_color=\"#e02b20\" icon_placement=\"left\" _builder_version=\"3.0.82\" header_font=\"|on|||\" header_font_size=\"22px\" text_orientation=\"center\"] <br \/> [\/et_pb_blurb][\/et_pb_column][\/et_pb_row][et_pb_row _builder_version=\"3.0.82\"][et_pb_column type=\"1_3\"][et_pb_blurb title=\"Przedsi\u0119biorstwo Remont\u00f3w i Budownictwa Og\u00f3lnego Sp. z o. o.\" use_icon=\"on\" font_icon=\"%%202%%\" icon_color=\"#e02b20\" icon_placement=\"left\" _builder_version=\"3.0.82\" header_font=\"|on|||\" header_font_size=\"22px\" text_orientation=\"center\"] <br \/> [\/et_pb_blurb][\/et_pb_column][et_pb_column type=\"1_3\"][et_pb_blurb title=\"Zak\u0142ady Wytw\u00f3rcze Mebli Artystycznych Sp\u00f3\u0142ka z o. o.\" use_icon=\"on\" font_icon=\"%%202%%\" icon_color=\"#e02b20\" icon_placement=\"left\" _builder_version=\"3.0.82\" header_font=\"|on|||\" header_font_size=\"22px\" text_orientation=\"center\"] <br \/> [\/et_pb_blurb][\/et_pb_column][et_pb_column type=\"1_3\"][et_pb_blurb title=\"Eco-Classic Sp\u00f3\u0142ka z o. o.\" use_icon=\"on\" font_icon=\"%%202%%\" icon_color=\"#e02b20\" icon_placement=\"left\" _builder_version=\"3.0.82\" header_font=\"|on|||\" header_font_size=\"22px\" text_orientation=\"center\"] <br \/> [\/et_pb_blurb][\/et_pb_column][\/et_pb_row][et_pb_row _builder_version=\"3.0.82\"][et_pb_column type=\"1_3\"][et_pb_blurb title=\"Schronisko %22Na Paluchu%22\" use_icon=\"on\" font_icon=\"%%202%%\" icon_color=\"#e02b20\" icon_placement=\"left\" _builder_version=\"3.0.82\" header_font=\"|on|||\" header_font_size=\"22px\" text_orientation=\"center\"] <br \/> [\/et_pb_blurb][\/et_pb_column][et_pb_column type=\"1_3\"][et_pb_blurb title=\"Pa\u0144stwowy Instytut Spraw Mi\u0119dzynarodowych\" use_icon=\"on\" font_icon=\"%%202%%\" icon_color=\"#e02b20\" icon_placement=\"left\" _builder_version=\"3.0.82\" header_font=\"|on|||\" header_font_size=\"22px\" text_orientation=\"center\"] <br \/> [\/et_pb_blurb][\/et_pb_column][et_pb_column type=\"1_3\"][et_pb_blurb title=\"Narodowy Instytut Muzealnictwa i Ochrony Zbior\u00f3w\" use_icon=\"on\" font_icon=\"%%202%%\" icon_color=\"#e02b20\" icon_placement=\"left\" _builder_version=\"3.0.82\" header_font=\"|on|||\" header_font_size=\"22px\" text_orientation=\"center\"] <br \/> [\/et_pb_blurb][\/et_pb_column][\/et_pb_row][et_pb_row _builder_version=\"3.0.82\"][et_pb_column type=\"1_3\"][et_pb_blurb title=\"Hydrobudowa - 1 S.A.\" use_icon=\"on\" font_icon=\"%%202%%\" icon_color=\"#e02b20\" icon_placement=\"left\" _builder_version=\"3.0.82\" header_font=\"|on|||\" header_font_size=\"22px\" text_orientation=\"center\"] <br \/> [\/et_pb_blurb][\/et_pb_column][et_pb_column type=\"1_3\"][et_pb_blurb title=\"Budimex Pozna\u0144 S.A.\" use_icon=\"on\" font_icon=\"%%202%%\" icon_color=\"#e02b20\" icon_placement=\"left\" _builder_version=\"3.0.82\" header_font=\"|on|||\" header_font_size=\"22px\" text_orientation=\"center\"] <br \/> [\/et_pb_blurb][\/et_pb_column][et_pb_column type=\"1_3\"][et_pb_blurb title=\"GP Mosty S.C.\" use_icon=\"on\" font_icon=\"%%202%%\" icon_color=\"#e02b20\" icon_placement=\"left\" _builder_version=\"3.0.82\" header_font=\"|on|||\" header_font_size=\"22px\" text_orientation=\"center\"] <br \/> [\/et_pb_blurb][\/et_pb_column][\/et_pb_row][et_pb_row _builder_version=\"3.0.82\"][et_pb_column type=\"1_3\"][et_pb_blurb title=\"Stowarzyszenie W\u0142a\u015bcicieli Dom\u00f3w %22VIKING I%22\" use_icon=\"on\" font_icon=\"%%202%%\" icon_color=\"#e02b20\" icon_placement=\"left\" _builder_version=\"3.0.82\" header_font=\"|on|||\" header_font_size=\"22px\" text_orientation=\"center\"] <br \/> [\/et_pb_blurb][\/et_pb_column][et_pb_column type=\"1_3\"][et_pb_blurb title=\"Sp\u00f3\u0142dzielnia Budowlano-Mieszkaniowa %22RADAROWA%22\" use_icon=\"on\" font_icon=\"%%202%%\" icon_color=\"#e02b20\" icon_placement=\"left\" _builder_version=\"3.0.82\" header_font=\"|on|||\" header_font_size=\"22px\" text_orientation=\"center\"] <br \/> [\/et_pb_blurb][\/et_pb_column][et_pb_column type=\"1_3\"][et_pb_blurb title=\"Wsp\u00f3lnoty mieszkaniowe %22Lewand\u00f3w Ma\u0142y%22 %22Lewand\u00f3w Du\u017cy%22 %22Lewand\u00f3w Le\u015bny%22\" use_icon=\"on\" font_icon=\"%%202%%\" icon_color=\"#e02b20\" icon_placement=\"left\" _builder_version=\"3.0.82\" header_font=\"|on|||\" header_font_size=\"22px\" text_orientation=\"center\"] <br \/> [\/et_pb_blurb][\/et_pb_column][\/et_pb_row][et_pb_row _builder_version=\"3.0.82\"][et_pb_column type=\"1_3\"][et_pb_blurb title=\"Real Estate Investment Trust\" use_icon=\"on\" font_icon=\"%%202%%\" icon_color=\"#e02b20\" icon_placement=\"left\" _builder_version=\"3.0.82\" header_font=\"|on|||\" header_font_size=\"22px\" text_orientation=\"center\"] <br \/> [\/et_pb_blurb][\/et_pb_column][et_pb_column type=\"1_3\"][et_pb_blurb title=\"Dendro Poland Ltd. (IKEA)\" use_icon=\"on\" font_icon=\"%%202%%\" icon_color=\"#e02b20\" icon_placement=\"left\" _builder_version=\"3.0.82\" header_font=\"|on|||\" header_font_size=\"22px\" text_orientation=\"center\"] <br \/> [\/et_pb_blurb][\/et_pb_column][et_pb_column type=\"1_3\"][et_pb_blurb title=\"Tajfun Bronisze\" use_icon=\"on\" font_icon=\"%%202%%\" icon_color=\"#e02b20\" icon_placement=\"left\" _builder_version=\"3.0.82\" header_font=\"|on|||\" header_font_size=\"22px\" text_orientation=\"center\"] <br \/> [\/et_pb_blurb][\/et_pb_column][\/et_pb_row][et_pb_row _builder_version=\"3.0.82\"][et_pb_column type=\"1_3\"][et_pb_blurb title=\"WTBS %22Kwatera%22\" use_icon=\"on\" font_icon=\"%%202%%\" icon_color=\"#e02b20\" icon_placement=\"left\" _builder_version=\"3.0.82\" header_font=\"|on|||\" header_font_size=\"22px\" text_orientation=\"center\"] <br \/> [\/et_pb_blurb][\/et_pb_column][et_pb_column type=\"1_3\"][et_pb_blurb title=\"MEGAGAZ S.A.\" use_icon=\"on\" font_icon=\"%%202%%\" icon_color=\"#e02b20\" icon_placement=\"left\" _builder_version=\"3.0.82\" header_font=\"|on|||\" header_font_size=\"22px\" text_orientation=\"center\"] <br \/> [\/et_pb_blurb][\/et_pb_column][et_pb_column type=\"1_3\"][et_pb_blurb title=\"PONZBUD Sp. z. o. o.\" use_icon=\"on\" font_icon=\"%%202%%\" icon_color=\"#e02b20\" icon_placement=\"left\" _builder_version=\"3.0.82\" header_font=\"|on|||\" header_font_size=\"22px\" text_orientation=\"center\"] <br \/> [\/et_pb_blurb][\/et_pb_column][\/et_pb_row][et_pb_row _builder_version=\"3.0.82\"][et_pb_column type=\"1_3\"][et_pb_blurb title=\"Wsp\u00f3lnota Mieszkaniowa %22S\u0142oneczne Skorosze%22\" use_icon=\"on\" font_icon=\"%%202%%\" icon_color=\"#e02b20\" icon_placement=\"left\" _builder_version=\"3.0.82\" header_font=\"|on|||\" header_font_size=\"22px\" text_orientation=\"center\"] <br \/> [\/et_pb_blurb][\/et_pb_column][et_pb_column type=\"1_3\"][et_pb_blurb title=\"Wsp\u00f3lnota Mieszkaniowa %22Wilan\u00f3w One%22\" use_icon=\"on\" font_icon=\"%%202%%\" icon_color=\"#e02b20\" icon_placement=\"left\" _builder_version=\"3.0.82\" header_font=\"|on|||\" header_font_size=\"22px\" text_orientation=\"center\"] <br \/> [\/et_pb_blurb][\/et_pb_column][et_pb_column type=\"1_3\"][\/et_pb_column][\/et_pb_row][\/et_pb_section][et_pb_section bb_built=\"1\" fullwidth=\"on\" _builder_version=\"3.0.82\"][et_pb_fullwidth_header _builder_version=\"3.0.82\" background_image=\"http:\/\/boiat.pl\/wp-content\/uploads\/2017\/10\/baner_1.jpg\" parallax=\"on\" custom_css_before=\"height:250px;\" custom_css_main_element=\"height:250px;\" custom_css_after=\"height:250px;\"] <br \/> [\/et_pb_fullwidth_header][\/et_pb_section][et_pb_section bb_built=\"1\" admin_label=\"Footer\" _builder_version=\"3.0.82\" background_image=\"http:\/\/boiat.pl\/wp-content\/uploads\/2017\/10\/business-01.jpg\" parallax=\"on\" custom_padding=\"90px||90px|\" saved_tabs=\"all\" global_module=\"46507\"][et_pb_row global_parent=\"46507\" use_custom_gutter=\"on\" gutter_width=\"2\" custom_padding=\"|||\" make_equal=\"on\" background_color_1=\"#ffffff\" background_color_2=\"#ffffff\" padding_top_1=\"50px\" padding_right_1=\"40px\" padding_bottom_1=\"50px\" padding_left_1=\"40px\" padding_top_2=\"50px\" padding_right_2=\"40px\" padding_bottom_2=\"50px\" padding_left_2=\"40px\" background_position_1=\"top_left\" background_position_2=\"top_left\" background_repeat_1=\"no-repeat\" background_repeat_2=\"no-repeat\" _builder_version=\"3.0.65\" background_size=\"initial\" background_position=\"top_left\" background_repeat=\"repeat\"][\/et_pb_row][\/et_pb_section]<\/p>","_et_gb_content_width":""},"_links":{"self":[{"href":"https:\/\/boiat.pl\/index.php\/wp-json\/wp\/v2\/pages\/89"}],"collection":[{"href":"https:\/\/boiat.pl\/index.php\/wp-json\/wp\/v2\/pages"}],"about":[{"href":"https:\/\/boiat.pl\/index.php\/wp-json\/wp\/v2\/types\/page"}],"author":[{"embeddable":true,"href":"https:\/\/boiat.pl\/index.php\/wp-json\/wp\/v2\/users\/1"}],"replies":[{"embeddable":true,"href":"https:\/\/boiat.pl\/index.php\/wp-json\/wp\/v2\/comments?post=89"}],"version-history":[{"count":8,"href":"https:\/\/boiat.pl\/index.php\/wp-json\/wp\/v2\/pages\/89\/revisions"}],"predecessor-version":[{"id":46959,"href":"https:\/\/boiat.pl\/index.php\/wp-json\/wp\/v2\/pages\/89\/revisions\/46959"}],"wp:attachment":[{"href":"https:\/\/boiat.pl\/index.php\/wp-json\/wp\/v2\/media?parent=89"}],"curies":[{"name":"wp","href":"https:\/\/api.w.org\/{rel}","templated":true}]}}