{"id":47040,"date":"2024-10-31T12:00:19","date_gmt":"2024-10-31T11:00:19","guid":{"rendered":"http:\/\/boiat.pl\/?page_id=47040"},"modified":"2024-10-31T16:33:14","modified_gmt":"2024-10-31T15:33:14","slug":"uslugi-remontowe","status":"publish","type":"page","link":"https:\/\/boiat.pl\/index.php\/uslugi-remontowe\/","title":{"rendered":"Us\u0142ugi Remontowe"},"content":{"rendered":"<p>[et_pb_section fb_built=&#8221;1&#8243; _builder_version=&#8221;3.22&#8243;][et_pb_row column_structure=&#8221;4_4,4_4&#8243; _builder_version=&#8221;3.25&#8243; background_size=&#8221;initial&#8221; background_position=&#8221;top_left&#8221; background_repeat=&#8221;repeat&#8221; custom_padding=&#8221;0px|0px|0px|0px&#8221;][et_pb_column type=&#8221;4_4&#8243; _builder_version=&#8221;3.25&#8243; custom_padding=&#8221;|||&#8221; custom_padding__hover=&#8221;|||&#8221;][et_pb_text _builder_version=&#8221;4.5.3&#8243; hover_enabled=&#8221;0&#8243;]<\/p>\n<h1 style=\"text-align: center;\">Us\u0142ugi Remontowo &#8211; Budowlane<\/h1>\n<p>[\/et_pb_text][\/et_pb_column][et_pb_column type=&#8221;4_4&#8243; _builder_version=&#8221;3.25&#8243; custom_padding=&#8221;|||&#8221; custom_padding__hover=&#8221;|||&#8221;][\/et_pb_column][\/et_pb_row][et_pb_row column_structure=&#8221;1_2,1_2&#8243; _builder_version=&#8221;3.25&#8243; custom_margin=&#8221;|auto||199px||&#8221;][et_pb_column type=&#8221;1_2&#8243; _builder_version=&#8221;3.25&#8243; custom_padding=&#8221;|||&#8221; custom_padding__hover=&#8221;|||&#8221;][et_pb_text _builder_version=&#8221;3.27.4&#8243;]<\/p>\n<ol>\n<li><strong>POMIARY ELEKTRYCZNE<\/strong><\/li>\n<\/ol>\n<p style=\"font-weight: 400;\">Pomiary elektryczne s\u0105 wa\u017cne dla bezpiecze\u0144stwa instalacji elektrycznych. Celem ich wykonywania jest przede wszystkim zapewnienie bezpiecze\u0144stwa, sprawno\u015bci oraz zgodno\u015bci z obowi\u0105zuj\u0105cymi przepisami. Zgodnie z prawem budowlanym, kontrole instalacji elektrycznych oraz piorunochronnych powinny odbywa\u0107 si\u0119 przynajmniej raz na 5 lat.<\/p>\n<p style=\"font-weight: 400;\">Prace w zakresie pomiar\u00f3w elektrycznych obejmuj\u0105:<\/p>\n<ul>\n<li>Pomiary rezystancji uziemienia<\/li>\n<li>Og\u00f3lne ogl\u0119dziny instalacji elektrycznej<\/li>\n<li>Pomiary uziemienia instalacji odgromowej<\/li>\n<li>Pod\u0142\u0105czenie i kontrola system\u00f3w fotowoltaicznych<\/li>\n<li>Testy wy\u0142\u0105cznik\u00f3w<\/li>\n<li>Kontrola sprawno\u015bci ochrony przeciwpo\u017carowej<\/li>\n<li>Kontrola ci\u0105g\u0142o\u015bci przewod\u00f3w ochronnych<\/li>\n<li>Pomiary impedancji p\u0119tli zwarcia<\/li>\n<\/ul>\n<p style=\"font-weight: 400;\">Nasza firma oferuje kompleksowe us\u0142ugi w zakresie pomiar\u00f3w elektrycznych, zgodne z obowi\u0105zuj\u0105cym prawem oraz przepisami. Regularne przegl\u0105dy zapobiegaj\u0105 awariom oraz potencjalnym zagro\u017ceniom.<\/p>\n<p style=\"font-weight: 400;\">\n<ol start=\"2\">\n<li><strong>PRZEGL\u0104DY BUDYNK\u00d3W<\/strong><\/li>\n<\/ol>\n<p style=\"font-weight: 400;\">Przegl\u0105dy budynk\u00f3w s\u0105 bardzo istotne i niezb\u0119dne dla zapewnienia bezpiecze\u0144stwa u\u017cytkownikom ka\u017cdego obiektu. Przegl\u0105d techniczny budynk\u00f3w jest obowi\u0105zkowy i uregulowany w ustawie o prawie budowlanym. Zarz\u0105dca lub w\u0142a\u015bciciel zobowi\u0105zany jest do wykonywanie regularnych przegl\u0105d\u00f3w, kt\u00f3re pozwalaj\u0105 na wykrycie potencjalnych b\u0142\u0119d\u00f3w oraz ich napraw\u0119.<\/p>\n<p style=\"font-weight: 400;\">W sk\u0142ad praz zwi\u0105zanych z przegl\u0105dami budynk\u00f3w znajduj\u0105 si\u0119 przede wszystkim:<\/p>\n<ul>\n<li>Kontrola poziomu bezpiecze\u0144stwa po\u017carowego<\/li>\n<li>Kontrola og\u00f3lnej konstrukcji obiektu<\/li>\n<li>Kontrola stanu instalacji gazowej oraz przewod\u00f3w kominowych<\/li>\n<\/ul>\n<p style=\"font-weight: 400;\">\n<p>[\/et_pb_text][\/et_pb_column][et_pb_column type=&#8221;1_2&#8243; _builder_version=&#8221;3.25&#8243; custom_padding=&#8221;|||&#8221; custom_padding__hover=&#8221;|||&#8221;][et_pb_text _builder_version=&#8221;4.5.3&#8243; _module_preset=&#8221;default&#8221; hover_enabled=&#8221;0&#8243;]<\/p>\n<ol start=\"3\">\n<li><strong>KONSERWACJE ELEKTRYCZNE<\/strong><\/li>\n<\/ol>\n<p>Regularne kontrole instalacji elektrycznych s\u0105 niezwykle istotne dla zapewnienie bezpiecze\u0144stwa u\u017cytkownikom budynk\u00f3w, czy to mieszkalnych czy biurowych.<\/p>\n<p>Zgodnie z przepisami przegl\u0105dy powinny odbywa\u0107 si\u0119 co najmniej raz na 5 lat.<\/p>\n<p>Poprzez odpowiedni\u0105 konserwacj\u0119 instalacji nie tylko wzrasta poczucie bezpiecze\u0144stwa lecz tak\u017ce, wyd\u0142u\u017camy \u017cywotno\u015b\u0107 system\u00f3w oraz minimalizujemy ryzyko awarii.<\/p>\n<p>W sk\u0142ad prac w zakresie konserwacji instalacji elektrycznej wchodz\u0105:<\/p>\n<ul>\n<li>Kalibracja szaf sterowniczych<\/li>\n<li>Ocena wydajno\u015bci instalacji<\/li>\n<li>Kontrola sprawno\u015bci element\u00f3w izolacyjnych<\/li>\n<li>Instalacja czujnik\u00f3w oraz bezpiecznik\u00f3w<\/li>\n<li>Kontrola instalacji w zakresie zabezpiecze\u0144 przeciwpo\u017carowych<\/li>\n<\/ul>\n<ol start=\"4\">\n<li><strong>KONSERWACJE HYDRAULICZNE<\/strong><\/li>\n<\/ol>\n<p>Przeprowadzanie regularnych konserwacji hydraulicznych pomaga na wczesnym etapie zapobiec wielu problemom kt\u00f3re, zaniedbane, prowadz\u0105 do powa\u017cnych awarii. Przecieki oraz uszkodzone elementy instalacji mog\u0105 spowodowa\u0107 zalanie mieszkania a to z kolei generuje ogromne koszty naprawy. Prace zwi\u0105zane z konserwacj\u0105 instalacji hydraulicznych obejmuj\u0105 wiele dzia\u0142a\u0144 maj\u0105cych na celu zapewnienie prawid\u0142owego funkcjonowania \u00a0system\u00f3w wodno- kanalizacyjnych, centralnego ogrzewania oraz innych instalacji.<\/p>\n<p>W sk\u0142ad prac hydraulicznych wchodz\u0105 us\u0142ugi tj.:<\/p>\n<ul>\n<li>Kontrola szczelno\u015bci instalacji<\/li>\n<li>Odkamienianie oraz czyszczenie instalacji wodnych<\/li>\n<li>Przegl\u0105d i konserwacja pomp<\/li>\n<li>Kontrola oraz wymiana filtr\u00f3w<\/li>\n<li>Czyszczenie rur i syfon\u00f3w<\/li>\n<li>Naprawa i wymiana uszkodzonych element\u00f3w<\/li>\n<\/ul>\n<p>Wczesne wykrywanie problem\u00f3w oraz natychmiastowa reakcja zapobiega kosztownym naprawom oraz zapewnia bezpiecze\u0144stwo wszystkim u\u017cytkownikom budynku.<\/p>\n<p>[\/et_pb_text][\/et_pb_column][\/et_pb_row][\/et_pb_section][et_pb_section fb_built=&#8221;1&#8243; fullwidth=&#8221;on&#8221; _builder_version=&#8221;3.22&#8243;][et_pb_fullwidth_header _builder_version=&#8221;3.16&#8243; background_color=&#8221;rgba(255, 255, 255, 0)&#8221; background_image=&#8221;http:\/\/boiat.pl\/wp-content\/uploads\/2017\/10\/baner_1.jpg&#8221; parallax=&#8221;on&#8221; background_layout=&#8221;light&#8221; custom_css_before=&#8221;height:250px;&#8221; custom_css_main_element=&#8221;height:250px;&#8221; custom_css_after=&#8221;height:250px;&#8221; button_one_text_size__hover_enabled=&#8221;off&#8221; button_two_text_size__hover_enabled=&#8221;off&#8221; button_one_text_color__hover_enabled=&#8221;off&#8221; button_two_text_color__hover_enabled=&#8221;off&#8221; button_one_border_width__hover_enabled=&#8221;off&#8221; button_two_border_width__hover_enabled=&#8221;off&#8221; button_one_border_color__hover_enabled=&#8221;off&#8221; button_two_border_color__hover_enabled=&#8221;off&#8221; button_one_border_radius__hover_enabled=&#8221;off&#8221; button_two_border_radius__hover_enabled=&#8221;off&#8221; button_one_letter_spacing__hover_enabled=&#8221;off&#8221; button_two_letter_spacing__hover_enabled=&#8221;off&#8221; button_one_bg_color__hover_enabled=&#8221;off&#8221; button_two_bg_color__hover_enabled=&#8221;off&#8221;]<br \/>\n[\/et_pb_fullwidth_header][\/et_pb_section]<\/p>\n","protected":false},"excerpt":{"rendered":"<p>[et_pb_section fb_built=&#8221;1&#8243; _builder_version=&#8221;3.22&#8243;][et_pb_row column_structure=&#8221;4_4,4_4&#8243; _builder_version=&#8221;3.25&#8243; background_size=&#8221;initial&#8221; background_position=&#8221;top_left&#8221; background_repeat=&#8221;repeat&#8221; custom_padding=&#8221;0px|0px|0px|0px&#8221;][et_pb_column type=&#8221;4_4&#8243; _builder_version=&#8221;3.25&#8243; custom_padding=&#8221;|||&#8221; custom_padding__hover=&#8221;|||&#8221;][et_pb_text _builder_version=&#8221;4.5.3&#8243; hover_enabled=&#8221;0&#8243;] Us\u0142ugi Remontowo &#8211; Budowlane [\/et_pb_text][\/et_pb_column][et_pb_column type=&#8221;4_4&#8243; _builder_version=&#8221;3.25&#8243; custom_padding=&#8221;|||&#8221; custom_padding__hover=&#8221;|||&#8221;][\/et_pb_column][\/et_pb_row][et_pb_row column_structure=&#8221;1_2,1_2&#8243; _builder_version=&#8221;3.25&#8243; custom_margin=&#8221;|auto||199px||&#8221;][et_pb_column type=&#8221;1_2&#8243; _builder_version=&#8221;3.25&#8243; custom_padding=&#8221;|||&#8221; custom_padding__hover=&#8221;|||&#8221;][et_pb_text _builder_version=&#8221;3.27.4&#8243;] POMIARY ELEKTRYCZNE Pomiary elektryczne s\u0105 wa\u017cne dla bezpiecze\u0144stwa instalacji elektrycznych. Celem ich wykonywania jest przede wszystkim zapewnienie bezpiecze\u0144stwa, sprawno\u015bci oraz zgodno\u015bci z obowi\u0105zuj\u0105cymi [&hellip;]<\/p>\n","protected":false},"author":1,"featured_media":0,"parent":0,"menu_order":0,"comment_status":"closed","ping_status":"closed","template":"","meta":{"_et_pb_use_builder":"on","_et_pb_old_content":"<!-- wp:tadv\/classic-paragraph -->\n<ol>\n<li><strong>POMIARY ELEKTRYCZNE<\/strong><\/li>\n<\/ol>\n<p style=\"font-weight: 400;\">Pomiary elektryczne s\u0105 wa\u017cne dla bezpiecze\u0144stwa instalacji elektrycznych. Celem ich wykonywania jest przede wszystkim zapewnienie bezpiecze\u0144stwa, sprawno\u015bci oraz zgodno\u015bci z obowi\u0105zuj\u0105cymi przepisami. Zgodnie z prawem budowlanym, kontrole instalacji elektrycznych oraz piorunochronnych powinny odbywa\u0107 si\u0119 przynajmniej raz na 5 lat.<\/p>\n<p style=\"font-weight: 400;\">Prace w zakresie pomiar\u00f3w elektrycznych obejmuj\u0105:<\/p>\n<ul>\n<li>Pomiary rezystancji uziemienia<\/li>\n<li>Og\u00f3lne ogl\u0119dziny instalacji elektrycznej<\/li>\n<li>Pomiary uziemienia instalacji odgromowej<\/li>\n<li>Pod\u0142\u0105czenie i kontrola system\u00f3w fotowoltaicznych<\/li>\n<li>Testy wy\u0142\u0105cznik\u00f3w<\/li>\n<li>Kontrola sprawno\u015bci ochrony przeciwpo\u017carowej<\/li>\n<li>Kontrola ci\u0105g\u0142o\u015bci przewod\u00f3w ochronnych<\/li>\n<li>Pomiary impedancji p\u0119tli zwarcia<\/li>\n<\/ul>\n<p style=\"font-weight: 400;\">Nasza firma oferuje kompleksowe us\u0142ugi w zakresie pomiar\u00f3w elektrycznych, zgodne z obowi\u0105zuj\u0105cym prawem oraz przepisami. Regularne przegl\u0105dy zapobiegaj\u0105 awariom oraz potencjalnym zagro\u017ceniom.<\/p>\n<p style=\"font-weight: 400;\">\u00a0<\/p>\n<ol start=\"2\">\n<li><strong>PRZEGL\u0104DY BUDYNK\u00d3W<\/strong><\/li>\n<\/ol>\n<p style=\"font-weight: 400;\">Przegl\u0105dy budynk\u00f3w s\u0105 bardzo istotne i niezb\u0119dne dla zapewnienia bezpiecze\u0144stwa u\u017cytkownikom ka\u017cdego obiektu. Przegl\u0105d techniczny budynk\u00f3w jest obowi\u0105zkowy i uregulowany w ustawie o prawie budowlanym. Zarz\u0105dca lub w\u0142a\u015bciciel zobowi\u0105zany jest do wykonywanie regularnych przegl\u0105d\u00f3w, kt\u00f3re pozwalaj\u0105 na wykrycie potencjalnych b\u0142\u0119d\u00f3w oraz ich napraw\u0119.<\/p>\n<p style=\"font-weight: 400;\">W sk\u0142ad praz zwi\u0105zanych z przegl\u0105dami budynk\u00f3w znajduj\u0105 si\u0119 przede wszystkim:<\/p>\n<ul>\n<li>Kontrola poziomu bezpiecze\u0144stwa po\u017carowego<\/li>\n<li>Kontrola og\u00f3lnej konstrukcji obiektu<\/li>\n<li>Kontrola stanu instalacji gazowej oraz przewod\u00f3w kominowych<\/li>\n<li>\u00a0<\/li>\n<\/ul>\n<ol start=\"3\">\n<li><strong>KONSERWACJE ELEKTRYCZNE<\/strong><\/li>\n<\/ol>\n<p style=\"font-weight: 400;\">Regularne kontrole instalacji elektrycznych s\u0105 niezwykle istotne dla zapewnienie bezpiecze\u0144stwa u\u017cytkownikom budynk\u00f3w, czy to mieszkalnych czy biurowych.<\/p>\n<p style=\"font-weight: 400;\">Zgodnie z przepisami przegl\u0105dy powinny odbywa\u0107 si\u0119 co najmniej raz na 5 lat.<\/p>\n<p style=\"font-weight: 400;\">Poprzez odpowiedni\u0105 konserwacj\u0119 instalacji nie tylko wzrasta poczucie bezpiecze\u0144stwa lecz tak\u017ce, wyd\u0142u\u017camy \u017cywotno\u015b\u0107 system\u00f3w oraz minimalizujemy ryzyko awarii.<\/p>\n<p style=\"font-weight: 400;\">\u00a0<\/p>\n<p style=\"font-weight: 400;\">W sk\u0142ad prac w zakresie konserwacji instalacji elektrycznej wchodz\u0105:<\/p>\n<ul>\n<li>Kalibracja szaf sterowniczych<\/li>\n<li>Ocena wydajno\u015bci instalacji<\/li>\n<li>Kontrola sprawno\u015bci element\u00f3w izolacyjnych<\/li>\n<li>Instalacja czujnik\u00f3w oraz bezpiecznik\u00f3w<\/li>\n<li>Kontrola instalacji w zakresie zabezpiecze\u0144 przeciwpo\u017carowych<\/li>\n<li>\u00a0<\/li>\n<\/ul>\n<ol start=\"4\">\n<li><strong>KONSERWACJE HYDRAULICZNE<\/strong><\/li>\n<\/ol>\n<p style=\"font-weight: 400;\">Przeprowadzanie regularnych konserwacji hydraulicznych pomaga na wczesnym etapie zapobiec wielu problemom kt\u00f3re, zaniedbane, prowadz\u0105 do powa\u017cnych awarii. Przecieki oraz uszkodzone elementy instalacji mog\u0105 spowodowa\u0107 zalanie mieszkania a to z kolei generuje ogromne koszty naprawy. Prace zwi\u0105zane z konserwacj\u0105 instalacji hydraulicznych obejmuj\u0105 wiele dzia\u0142a\u0144 maj\u0105cych na celu zapewnienie prawid\u0142owego funkcjonowania \u00a0system\u00f3w wodno- kanalizacyjnych, centralnego ogrzewania oraz innych instalacji.<\/p>\n<p style=\"font-weight: 400;\">W sk\u0142ad prac hydraulicznych wchodz\u0105 us\u0142ugi tj.:<\/p>\n<ul>\n<li>Kontrola szczelno\u015bci instalacji<\/li>\n<li>Odkamienianie oraz czyszczenie instalacji wodnych<\/li>\n<li>Przegl\u0105d i konserwacja pomp<\/li>\n<li>Kontrola oraz wymiana filtr\u00f3w<\/li>\n<li>Czyszczenie rur i syfon\u00f3w<\/li>\n<li>Naprawa i wymiana uszkodzonych element\u00f3w<\/li>\n<\/ul>\n<p style=\"font-weight: 400;\">Wczesne wykrywanie problem\u00f3w oraz natychmiastowa reakcja zapobiega kosztownym naprawom oraz zapewnia bezpiecze\u0144stwo wszystkim u\u017cytkownikom budynku.<\/p>\n<!-- \/wp:tadv\/classic-paragraph -->","_et_gb_content_width":"1080"},"_links":{"self":[{"href":"https:\/\/boiat.pl\/index.php\/wp-json\/wp\/v2\/pages\/47040"}],"collection":[{"href":"https:\/\/boiat.pl\/index.php\/wp-json\/wp\/v2\/pages"}],"about":[{"href":"https:\/\/boiat.pl\/index.php\/wp-json\/wp\/v2\/types\/page"}],"author":[{"embeddable":true,"href":"https:\/\/boiat.pl\/index.php\/wp-json\/wp\/v2\/users\/1"}],"replies":[{"embeddable":true,"href":"https:\/\/boiat.pl\/index.php\/wp-json\/wp\/v2\/comments?post=47040"}],"version-history":[{"count":5,"href":"https:\/\/boiat.pl\/index.php\/wp-json\/wp\/v2\/pages\/47040\/revisions"}],"predecessor-version":[{"id":47049,"href":"https:\/\/boiat.pl\/index.php\/wp-json\/wp\/v2\/pages\/47040\/revisions\/47049"}],"wp:attachment":[{"href":"https:\/\/boiat.pl\/index.php\/wp-json\/wp\/v2\/media?parent=47040"}],"curies":[{"name":"wp","href":"https:\/\/api.w.org\/{rel}","templated":true}]}}