{"id":46969,"date":"2018-05-17T11:57:27","date_gmt":"2018-05-17T09:57:27","guid":{"rendered":"http:\/\/boiat.pl\/?page_id=46969"},"modified":"2018-05-17T12:31:54","modified_gmt":"2018-05-17T10:31:54","slug":"outsourcing-rodo","status":"publish","type":"page","link":"http:\/\/boiat.pl\/index.php\/outsourcing-rodo\/","title":{"rendered":"Outsourcing RODO"},"content":{"rendered":"<p>[et_pb_section bb_built=&#8221;1&#8243;][et_pb_row][et_pb_column type=&#8221;4_4&#8243;][et_pb_text _builder_version=&#8221;3.0.96&#8243; background_layout=&#8221;light&#8221;]<\/p>\n<h1 style=\"text-align: center;\">Outsourcing RODO<\/h1>\n<p>[\/et_pb_text][\/et_pb_column][\/et_pb_row][et_pb_row][et_pb_column type=&#8221;1_2&#8243;][et_pb_image _builder_version=&#8221;3.0.96&#8243; show_in_lightbox=&#8221;off&#8221; url_new_window=&#8221;off&#8221; background_image=&#8221;http:\/\/boiat.pl\/wp-content\/uploads\/2018\/05\/binary-2326144_960_720.jpg&#8221; use_overlay=&#8221;off&#8221; always_center_on_mobile=&#8221;on&#8221; force_fullwidth=&#8221;off&#8221; show_bottom_space=&#8221;on&#8221; src=&#8221;http:\/\/boiat.pl\/wp-content\/uploads\/2018\/05\/binary-2326144_960_720.jpg&#8221; \/][\/et_pb_column][et_pb_column type=&#8221;1_2&#8243;][et_pb_text _builder_version=&#8221;3.0.96&#8243; background_layout=&#8221;light&#8221;]<\/p>\n<p>Przetwarzanie danych osobowych to codzienno\u015b\u0107 nie tylko du\u017cych firm i korporacji, ale tak\u017ce wielu ma\u0142ych i \u015brednich przedsi\u0119biorstw. 25 maja 2018 r., czyli od dnia rozpocz\u0119cia egzekucji prawnej RODO, ka\u017cde przedsi\u0119biorstwo, b\u0119dzie musia\u0142o spe\u0142ni\u0107 szereg wymaga\u0144 zgodno\u015bci z RODO<em>.<\/em><\/p>\n<p>W ramach outsourcingu us\u0142ug przetwarzania danych osobowych, oferujemy Pa\u0144stwu wsparcie\u00a0w realizacji wymaga\u0144 RODO przez zesp\u00f3\u0142 profesjonalnych konsultant\u00f3w i prawnik\u00f3w specjalizuj\u0105cych si\u0119 w ochronie danych osobowych.<\/p>\n<p>Zapewniamy stworzenie lub uzupe\u0142nienie dokumentacji zgodnej z wymaganiami stawianymi przez ustawodawc\u0119, sta\u0142\u0105 opiek\u0119 prawn\u0105 i informatyczn\u0105, szkolenia pracownik\u00f3w, kontakt i reprezentacj\u0119 przed GIODO w ramach uzgodnionego abonamentu.<\/p>\n<p>[\/et_pb_text][\/et_pb_column][\/et_pb_row][et_pb_row][et_pb_column type=&#8221;4_4&#8243;][\/et_pb_column][\/et_pb_row][\/et_pb_section]<\/p>\n","protected":false},"excerpt":{"rendered":"<p>[et_pb_section bb_built=&#8221;1&#8243;][et_pb_row][et_pb_column type=&#8221;4_4&#8243;][et_pb_text _builder_version=&#8221;3.0.96&#8243; background_layout=&#8221;light&#8221;] Outsourcing RODO [\/et_pb_text][\/et_pb_column][\/et_pb_row][et_pb_row][et_pb_column type=&#8221;1_2&#8243;][et_pb_image _builder_version=&#8221;3.0.96&#8243; show_in_lightbox=&#8221;off&#8221; url_new_window=&#8221;off&#8221; background_image=&#8221;http:\/\/boiat.pl\/wp-content\/uploads\/2018\/05\/binary-2326144_960_720.jpg&#8221; use_overlay=&#8221;off&#8221; always_center_on_mobile=&#8221;on&#8221; force_fullwidth=&#8221;off&#8221; show_bottom_space=&#8221;on&#8221; src=&#8221;http:\/\/boiat.pl\/wp-content\/uploads\/2018\/05\/binary-2326144_960_720.jpg&#8221; \/][\/et_pb_column][et_pb_column type=&#8221;1_2&#8243;][et_pb_text _builder_version=&#8221;3.0.96&#8243; background_layout=&#8221;light&#8221;] Przetwarzanie danych osobowych to codzienno\u015b\u0107 nie tylko du\u017cych firm i korporacji, ale tak\u017ce wielu ma\u0142ych i \u015brednich przedsi\u0119biorstw. 25 maja 2018 r., czyli od dnia rozpocz\u0119cia egzekucji prawnej RODO, ka\u017cde przedsi\u0119biorstwo, b\u0119dzie musia\u0142o [&hellip;]<\/p>\n","protected":false},"author":1,"featured_media":0,"parent":0,"menu_order":0,"comment_status":"closed","ping_status":"closed","template":"","meta":{"_et_pb_use_builder":"on","_et_pb_old_content":"<p>[et_pb_section bb_built=\"1\"][et_pb_row][et_pb_column type=\"1_2\"][et_pb_image _builder_version=\"3.0.96\" \/][\/et_pb_column][et_pb_column type=\"1_2\"][et_pb_text _builder_version=\"3.0.96\" background_layout=\"light\"]<\/p><p>Przetwarzanie danych osobowych to codzienno\u015b\u0107 nie tylko du\u017cych firm i korporacji, ale tak\u017ce wielu ma\u0142ych i \u015brednich przedsi\u0119biorstw. 25 maja 2018 r., czyli od dnia rozpocz\u0119cia egzekucji prawnej RODO, ka\u017cde przedsi\u0119biorstwo, b\u0119dzie musia\u0142o spe\u0142ni\u0107 szereg wymaga\u0144 zgodno\u015bci z RODO<em>.<\/em><\/p><p>W ramach outsourcingu us\u0142ug przetwarzania danych osobowych,oferujemy Pa\u0144stwu wsparcie<br \/>w realizacji wymaga\u0144 RODO przez zesp\u00f3\u0142 profesjonalnych konsultant\u00f3w i prawnik\u00f3w specjalizuj\u0105cych si\u0119 w ochronie danych osobowych.<\/p><p>Zapewniamy stworzenie lub uzupe\u0142nienie dokumentacji zgodnej z wymaganiami stawianymi przez ustawodawc\u0119, sta\u0142\u0105 opiek\u0119 prawn\u0105 i informatyczn\u0105 w ramach uzgodnionego abonamentu, szkolenia pracownik\u00f3w kontakt i reprezentacj\u0119 przed GIODO.<\/p><p>[\/et_pb_text][\/et_pb_column][\/et_pb_row][\/et_pb_section]<\/p>","_et_gb_content_width":""},"_links":{"self":[{"href":"http:\/\/boiat.pl\/index.php\/wp-json\/wp\/v2\/pages\/46969"}],"collection":[{"href":"http:\/\/boiat.pl\/index.php\/wp-json\/wp\/v2\/pages"}],"about":[{"href":"http:\/\/boiat.pl\/index.php\/wp-json\/wp\/v2\/types\/page"}],"author":[{"embeddable":true,"href":"http:\/\/boiat.pl\/index.php\/wp-json\/wp\/v2\/users\/1"}],"replies":[{"embeddable":true,"href":"http:\/\/boiat.pl\/index.php\/wp-json\/wp\/v2\/comments?post=46969"}],"version-history":[{"count":5,"href":"http:\/\/boiat.pl\/index.php\/wp-json\/wp\/v2\/pages\/46969\/revisions"}],"predecessor-version":[{"id":46981,"href":"http:\/\/boiat.pl\/index.php\/wp-json\/wp\/v2\/pages\/46969\/revisions\/46981"}],"wp:attachment":[{"href":"http:\/\/boiat.pl\/index.php\/wp-json\/wp\/v2\/media?parent=46969"}],"curies":[{"name":"wp","href":"https:\/\/api.w.org\/{rel}","templated":true}]}}